{"id":2956,"date":"2024-02-12T11:32:32","date_gmt":"2024-02-12T21:32:32","guid":{"rendered":"https:\/\/mauisnorkeling.com\/?post_type=product&#038;p=2956"},"modified":"2025-01-07T10:10:16","modified_gmt":"2025-01-07T20:10:16","slug":"gorra-de-camionero-para-hacer-snorkel-en-maui","status":"publish","type":"product","link":"https:\/\/mauisnorkeling.com\/es\/product\/maui-snorkeling-trucker-hat\/","title":{"rendered":"Gorra de camionero para hacer esn\u00f3rquel en Maui"},"content":{"rendered":"","protected":false},"excerpt":{"rendered":"<p>La gorra de camionero Maui Snorkeling es una gorra de dos tonos que presenta una malla transpirable y costuras en contraste en la visera.<\/p>\n<ul>\n<li>Tela: Paneles delanteros y visera de sarga de algod\u00f3n 100% (s\u00f3lidos); paneles delanteros y visera de sarga de poli\u00e9ster\/algod\u00f3n 65\/35 (jaspeados); paneles centrales y traseros de malla de poli\u00e9ster 100%<\/li>\n<li>Estructura: Estructurada<\/li>\n<li>Perfil: Medio<\/li>\n<li>Cierre: snapback ajustable de 7 posiciones<\/li>\n<\/ul>","protected":false},"featured_media":3927,"template":"","meta":{"_et_pb_use_builder":"","_et_pb_old_content":"","_et_gb_content_width":""},"product_brand":[],"product_cat":[31],"product_tag":[],"class_list":{"0":"post-2956","1":"product","2":"type-product","3":"status-publish","4":"has-post-thumbnail","6":"product_cat-unisex","8":"first","9":"outofstock","10":"taxable","11":"shipping-taxable","12":"product-type-variable"},"_links":{"self":[{"href":"https:\/\/mauisnorkeling.com\/es\/wp-json\/wp\/v2\/product\/2956","targetHints":{"allow":["GET"]}}],"collection":[{"href":"https:\/\/mauisnorkeling.com\/es\/wp-json\/wp\/v2\/product"}],"about":[{"href":"https:\/\/mauisnorkeling.com\/es\/wp-json\/wp\/v2\/types\/product"}],"wp:featuredmedia":[{"embeddable":true,"href":"https:\/\/mauisnorkeling.com\/es\/wp-json\/wp\/v2\/media\/3927"}],"wp:attachment":[{"href":"https:\/\/mauisnorkeling.com\/es\/wp-json\/wp\/v2\/media?parent=2956"}],"wp:term":[{"taxonomy":"product_brand","embeddable":true,"href":"https:\/\/mauisnorkeling.com\/es\/wp-json\/wp\/v2\/product_brand?post=2956"},{"taxonomy":"product_cat","embeddable":true,"href":"https:\/\/mauisnorkeling.com\/es\/wp-json\/wp\/v2\/product_cat?post=2956"},{"taxonomy":"product_tag","embeddable":true,"href":"https:\/\/mauisnorkeling.com\/es\/wp-json\/wp\/v2\/product_tag?post=2956"}],"curies":[{"name":"gracias","href":"https:\/\/api.w.org\/{rel}","templated":true}]}}