{"id":1909,"date":"2023-10-26T16:39:14","date_gmt":"2023-10-27T02:39:14","guid":{"rendered":"https:\/\/mauisnorkeling.com\/?post_type=product&#038;p=1909"},"modified":"2026-01-18T14:59:41","modified_gmt":"2026-01-19T00:59:41","slug":"sudadera-con-capucha-para-hacer-esnorquel-en-maui","status":"publish","type":"product","link":"https:\/\/mauisnorkeling.com\/es\/product\/maui-snorkeling-hoodie\/","title":{"rendered":"Sudadera con capucha para hacer esn\u00f3rquel en Maui"},"content":{"rendered":"","protected":false},"excerpt":{"rendered":"<p>La sudadera con capucha Maui Snorkeling es suave y c\u00f3moda.<\/p>\n<ul>\n<li>Polar de mezcla de algod\u00f3n y poli\u00e9ster de 8,5 oz (280 g)<\/li>\n<li>Capucha forrada de jersey<\/li>\n<li>Costura con puntada dividida y doble aguja en todas las costuras<\/li>\n<li>Cinta de sarga para el cuello<\/li>\n<li>Etiqueta del cuello desprendible<\/li>\n<li>Pu\u00f1os y cinturilla con canal\u00e9 1\u00d71<\/li>\n<li>Ojales de metal<\/li>\n<li>Ajuste est\u00e1ndar<\/li>\n<\/ul>","protected":false},"featured_media":1920,"template":"","meta":{"_et_pb_use_builder":"","_et_pb_old_content":"","_et_gb_content_width":""},"product_brand":[],"product_cat":[30,31,32],"product_tag":[33,34,36],"class_list":{"0":"post-1909","1":"product","2":"type-product","3":"status-publish","4":"has-post-thumbnail","6":"product_cat-men","7":"product_cat-unisex","8":"product_cat-women","9":"product_tag-men","10":"product_tag-unisex","11":"product_tag-women","13":"first","14":"instock","15":"taxable","16":"shipping-taxable","17":"purchasable","18":"product-type-variable"},"_links":{"self":[{"href":"https:\/\/mauisnorkeling.com\/es\/wp-json\/wp\/v2\/product\/1909","targetHints":{"allow":["GET"]}}],"collection":[{"href":"https:\/\/mauisnorkeling.com\/es\/wp-json\/wp\/v2\/product"}],"about":[{"href":"https:\/\/mauisnorkeling.com\/es\/wp-json\/wp\/v2\/types\/product"}],"wp:featuredmedia":[{"embeddable":true,"href":"https:\/\/mauisnorkeling.com\/es\/wp-json\/wp\/v2\/media\/1920"}],"wp:attachment":[{"href":"https:\/\/mauisnorkeling.com\/es\/wp-json\/wp\/v2\/media?parent=1909"}],"wp:term":[{"taxonomy":"product_brand","embeddable":true,"href":"https:\/\/mauisnorkeling.com\/es\/wp-json\/wp\/v2\/product_brand?post=1909"},{"taxonomy":"product_cat","embeddable":true,"href":"https:\/\/mauisnorkeling.com\/es\/wp-json\/wp\/v2\/product_cat?post=1909"},{"taxonomy":"product_tag","embeddable":true,"href":"https:\/\/mauisnorkeling.com\/es\/wp-json\/wp\/v2\/product_tag?post=1909"}],"curies":[{"name":"gracias","href":"https:\/\/api.w.org\/{rel}","templated":true}]}}