{"id":5119,"date":"2024-10-15T03:47:38","date_gmt":"2024-10-15T13:47:38","guid":{"rendered":"https:\/\/mauisnorkeling.com\/privacy-statement-ca\/"},"modified":"2025-03-10T08:14:51","modified_gmt":"2025-03-10T18:14:51","slug":"declaracion-de-privacidad-ca","status":"publish","type":"page","link":"https:\/\/mauisnorkeling.com\/es\/privacy-statement-ca\/","title":{"rendered":"Declaraci\u00f3n de privacidad (CA)"},"content":{"rendered":"<!-- Legal document generated by Complianz | GDPR\/CCPA Cookie Consent https:\/\/wordpress.org\/plugins\/complianz-gdpr -->\n<div id=\"cmplz-document\" class=\"cmplz-document privacy-statement cmplz-document-ca\"><p><i>This privacy statement was last changed on febrero 4, 2026, last checked on febrero 4, 2026, and applies to citizens and legal permanent residents of Canada.<\/i><br \/><br \/><\/p><p>En esta declaraci\u00f3n de privacidad, explicamos qu\u00e9 hacemos con los datos que obtenemos sobre usted a trav\u00e9s de <a href=\"https:\/\/mauisnorkeling.com\/es\">https:\/\/mauisnorkeling.com\/es<\/a>Le recomendamos que lea atentamente esta declaraci\u00f3n. En el tratamiento de sus datos personales cumplimos con los requisitos de la legislaci\u00f3n sobre privacidad. Esto significa, entre otras cosas, que:<ul>\n                <li>Indicamos claramente para qu\u00e9 fines tratamos los datos personales. Lo hacemos mediante esta declaraci\u00f3n de privacidad;<\/li>\n                <li>Nuestro objetivo es limitar nuestra recopilaci\u00f3n de datos personales \u00fanicamente a los datos personales necesarios para fines leg\u00edtimos;<\/li>\n                <li>primero solicitamos su consentimiento expl\u00edcito para procesar sus datos personales en los casos que requieran su consentimiento;<\/li>\n                <li>tomamos medidas de seguridad adecuadas para proteger sus datos personales y tambi\u00e9n lo exigimos a las partes que procesan datos personales en nuestro nombre;<\/li>\n                <li>Respetamos su derecho a acceder a sus datos personales o a corregirlos o eliminarlos, a solicitud suya.<\/li>\n            <\/ul><\/p>Si tiene alguna pregunta o desea saber exactamente qu\u00e9 datos suyos conservamos, p\u00f3ngase en contacto con nosotros.<h2>1. Finalidad y categor\u00edas de datos<\/h2><p>Podemos recopilar o recibir informaci\u00f3n personal para diversos fines relacionados con nuestras operaciones comerciales, que pueden incluir los siguientes: (haga clic para expandir)<\/b><\/p><details class=\"cmplz-dropdown dropdown-privacy-statement\"><summary><div><h3>1.1 Vender o compartir datos con un tercero<\/h3><\/div><\/summary><p class=\"cmplz-subtitle\">Se recopilan las siguientes categor\u00edas de datos<\/p><p><ul><li>Informaci\u00f3n de la actividad de Internet, que incluye, entre otros, el historial de navegaci\u00f3n, el historial de b\u00fasqueda y la informaci\u00f3n sobre la interacci\u00f3n de un consumidor con un sitio web, una aplicaci\u00f3n o un anuncio de Internet.<\/li><li>Direcci\u00f3n IP<\/li><\/ul><\/p><p class=\"cmplz-subtitle\">Per\u00edodo de retenci\u00f3n<\/p><p>Conservamos estos datos tras la finalizaci\u00f3n del servicio durante el siguiente n\u00famero de meses: 26<\/p><\/details><details class=\"cmplz-dropdown dropdown-privacy-statement\"><summary><div><h3>1.2 Contacto \u2013 A trav\u00e9s de tel\u00e9fono, correo postal, correo electr\u00f3nico y\/o formularios web<\/h3><\/div><\/summary><p class=\"cmplz-subtitle\">Se recopilan las siguientes categor\u00edas de datos<\/p><p><ul><li>Un nombre y apellido<\/li><li>Nombre de cuenta o alias<\/li><li>Fecha de nacimiento<\/li><li>Datos de geolocalizaci\u00f3n<\/li><li>Un n\u00famero de tel\u00e9fono<\/li><li>Una direcci\u00f3n de correo electr\u00f3nico<\/li><li>Una casa u otra direcci\u00f3n f\u00edsica, incluido el nombre de la calle y el nombre de una ciudad o pueblo<\/li><li>Direcci\u00f3n IP<\/li><li>Informaci\u00f3n de la actividad de Internet, que incluye, entre otros, el historial de navegaci\u00f3n, el historial de b\u00fasqueda y la informaci\u00f3n sobre la interacci\u00f3n de un consumidor con un sitio web, una aplicaci\u00f3n o un anuncio de Internet.<\/li><\/ul><\/p><p class=\"cmplz-subtitle\">Per\u00edodo de retenci\u00f3n<\/p><p>Conservamos estos datos tras la finalizaci\u00f3n del servicio durante el siguiente n\u00famero de meses: 26<\/p><\/details><details class=\"cmplz-dropdown dropdown-privacy-statement\"><summary><div><h3>1.3 Pagos<\/h3><\/div><\/summary><p class=\"cmplz-subtitle\">Se recopilan las siguientes categor\u00edas de datos<\/p><p><ul><li>Un nombre y apellido<\/li><li>Una casa u otra direcci\u00f3n f\u00edsica, incluido el nombre de la calle y el nombre de una ciudad o pueblo<\/li><li>Una direcci\u00f3n de correo electr\u00f3nico<\/li><li>Un n\u00famero de tel\u00e9fono<\/li><li>Direcci\u00f3n IP<\/li><li>Informaci\u00f3n de la actividad de Internet, que incluye, entre otros, el historial de navegaci\u00f3n, el historial de b\u00fasqueda y la informaci\u00f3n sobre la interacci\u00f3n de un consumidor con un sitio web, una aplicaci\u00f3n o un anuncio de Internet.<\/li><li>Datos de geolocalizaci\u00f3n<\/li><\/ul><\/p><p class=\"cmplz-subtitle\">Per\u00edodo de retenci\u00f3n<\/p><p>Conservamos estos datos hasta que finalice el servicio.<\/p><\/details><details class=\"cmplz-dropdown dropdown-privacy-statement\"><summary><div><h3>1.4 Para respaldar servicios o productos que un cliente desea comprar o ha comprado<\/h3><\/div><\/summary><p class=\"cmplz-subtitle\">Se recopilan las siguientes categor\u00edas de datos<\/p><p><ul><li>Un nombre y apellido<\/li><li>Una casa u otra direcci\u00f3n f\u00edsica, incluido el nombre de la calle y el nombre de una ciudad o pueblo<\/li><li>Una direcci\u00f3n de correo electr\u00f3nico<\/li><li>Un n\u00famero de tel\u00e9fono<\/li><li>Informaci\u00f3n de la actividad de Internet, que incluye, entre otros, el historial de navegaci\u00f3n, el historial de b\u00fasqueda y la informaci\u00f3n sobre la interacci\u00f3n de un consumidor con un sitio web, una aplicaci\u00f3n o un anuncio de Internet.<\/li><li>Direcci\u00f3n IP<\/li><li>Datos de geolocalizaci\u00f3n<\/li><\/ul><\/p><p class=\"cmplz-subtitle\">Per\u00edodo de retenci\u00f3n<\/p><p>Conservamos estos datos tras la finalizaci\u00f3n del servicio durante el siguiente n\u00famero de meses: 26<\/p><\/details><details class=\"cmplz-dropdown dropdown-privacy-statement\"><summary><div><h3>1.5 Recopilar y analizar estad\u00edsticas para la mejora del sitio web.<\/h3><\/div><\/summary><p class=\"cmplz-subtitle\">Se recopilan las siguientes categor\u00edas de datos<\/p><p><ul><li>Direcci\u00f3n IP<\/li><li>Informaci\u00f3n de la actividad de Internet, que incluye, entre otros, el historial de navegaci\u00f3n, el historial de b\u00fasqueda y la informaci\u00f3n sobre la interacci\u00f3n de un consumidor con un sitio web, una aplicaci\u00f3n o un anuncio de Internet.<\/li><\/ul><\/p><p class=\"cmplz-subtitle\">Per\u00edodo de retenci\u00f3n<\/p><p>Conservamos estos datos tras la finalizaci\u00f3n del servicio durante el siguiente n\u00famero de meses: 26<\/p><\/details><details class=\"cmplz-dropdown dropdown-privacy-statement\"><summary><div><h3>1.6 Entregas<\/h3><\/div><\/summary><p class=\"cmplz-subtitle\">Se recopilan las siguientes categor\u00edas de datos<\/p><p><ul><li>Un nombre y apellido<\/li><li>Una casa u otra direcci\u00f3n f\u00edsica, incluido el nombre de la calle y el nombre de una ciudad o pueblo<\/li><li>Una direcci\u00f3n de correo electr\u00f3nico<\/li><li>Un n\u00famero de tel\u00e9fono<\/li><li>Nombre de cuenta o alias<\/li><li>Direcci\u00f3n IP<\/li><li>Datos de geolocalizaci\u00f3n<\/li><\/ul><\/p><p class=\"cmplz-subtitle\">Per\u00edodo de retenci\u00f3n<\/p><p>Conservamos estos datos tras la finalizaci\u00f3n del servicio durante el siguiente n\u00famero de meses: 26<\/p><\/details><h2>2. Compartir con otras partes<\/h2><p>Solo compartimos o divulgamos estos datos a otros destinatarios para los siguientes fines:<\/p><p><b>Finalidad de la cesi\u00f3n de datos:<\/b>&nbsp;Procesamiento de tarjetas de cr\u00e9dito<br \/>\n             <b>Pa\u00eds o estado en el que se encuentra este proveedor de servicios:<\/b>&nbsp;A NOSOTROS<br \/><\/p><h2>3. Pr\u00e1cticas de divulgaci\u00f3n<\/h2><p><p>Divulgamos informaci\u00f3n personal si as\u00ed lo exige la ley o una orden judicial, en respuesta a una agencia de aplicaci\u00f3n de la ley, en la medida permitida por otras disposiciones de la ley, para proporcionar informaci\u00f3n o para una investigaci\u00f3n sobre un asunto relacionado con la seguridad p\u00fablica.<\/p><p>Si nuestro sitio web u organizaci\u00f3n es adquirido, vendido o se ve involucrado en una fusi\u00f3n o adquisici\u00f3n, sus datos pueden ser revelados a nuestros asesores y a cualquier posible comprador y se transmitir\u00e1n a los nuevos propietarios.<\/p><\/p><h2>4. C\u00f3mo respondemos a las se\u00f1ales de No rastrear y al Control de privacidad global <\/h2><p>Nuestro sitio web no responde ni admite el campo de solicitud de encabezado No rastrear (DNT).<\/p><h2>5. Galletas<\/h2><p>Nuestro sitio web utiliza cookies. Para obtener m\u00e1s informaci\u00f3n sobre las cookies, consulte nuestra Pol\u00edtica de cookies en nuestra <a href=\"https:\/\/mauisnorkeling.com\/es\/cookie-policy-ca\/\">Pol\u00edtica de cookies (CA)<\/a> P\u00e1gina web.&nbsp;<\/p><p>Hemos celebrado un acuerdo de procesamiento de datos con Google.<\/p><p>Es posible que Google no utilice los datos para ning\u00fan otro servicio de Google.<\/p><h2>6. Seguridad<\/h2><p>Estamos comprometidos con la seguridad de los datos personales. Tomamos las medidas de seguridad adecuadas para limitar el uso indebido y el acceso no autorizado a los datos personales. Esto garantiza que solo las personas necesarias tengan acceso a sus datos, que el acceso a los datos est\u00e9 protegido y que nuestras medidas de seguridad se revisen peri\u00f3dicamente.<\/p><h2>7. Sitios web de terceros<\/h2><p>Esta declaraci\u00f3n de privacidad no se aplica a los sitios web de terceros conectados mediante enlaces en nuestro sitio web. No podemos garantizar que estos terceros manejen sus datos personales de manera confiable y segura. Le recomendamos que lea las declaraciones de privacidad de estos sitios web antes de utilizarlos.<\/p><h2>8. Modificaciones de la presente declaraci\u00f3n de privacidad<\/h2><p>Nos reservamos el derecho de realizar modificaciones a esta declaraci\u00f3n de privacidad. Se recomienda que consulte esta declaraci\u00f3n de privacidad peri\u00f3dicamente para estar al tanto de cualquier cambio. Adem\u00e1s, le informaremos activamente siempre que sea posible.<\/p><h2>9. Acceso y modificaci\u00f3n de sus datos<\/h2><p>Si tiene alguna pregunta o desea saber qu\u00e9 datos personales tenemos sobre usted, p\u00f3ngase en contacto con nosotros. Aseg\u00farese de indicar siempre claramente qui\u00e9n es usted para que podamos garantizar que no modificamos ni eliminamos los datos de la persona equivocada. Solo proporcionaremos la informaci\u00f3n solicitada tras recibir una solicitud verificable del consumidor. Puede ponerse en contacto con nosotros utilizando la informaci\u00f3n que figura a continuaci\u00f3n.<\/p><p class=\"cmplz-subtitle\">9.1 Usted tiene los siguientes derechos con respecto a sus datos personales<\/p><ol class=\"alphabetic\">\n                        <li>Puede presentar una solicitud de acceso a los datos que procesamos sobre usted.<\/li>\n                        <li>Puede solicitar una descripci\u00f3n general, en un formato de uso com\u00fan, de los datos que procesamos sobre usted.<\/li>\n                        <li>Puede solicitar la correcci\u00f3n o eliminaci\u00f3n de los datos si son incorrectos, inexactos o han dejado de ser pertinentes. En su caso, la informaci\u00f3n modificada se transmitir\u00e1 a terceros que tengan acceso a ella.<\/li>\n                        <li>Tiene derecho a revocar su consentimiento en cualquier momento, sujeto a restricciones legales o contractuales y con un preaviso razonable. Se le informar\u00e1 de las consecuencias de dicha revocaci\u00f3n.<\/li>\n                        <li>Tiene derecho a presentar una reclamaci\u00f3n sobre el incumplimiento de la ley PIPEDA ante nuestra organizaci\u00f3n y, si el problema no se resuelve, ante la Oficina del Comisionado de Privacidad de Canad\u00e1.<\/li>\n                        <li>Daremos acceso a la informaci\u00f3n personal en un formato alternativo a una persona con una discapacidad sensorial que tenga derecho a acceder a la informaci\u00f3n personal bajo la ley PIPEDA y que solicite que se transmita en el formato alternativo si (a) ya existe una versi\u00f3n de la informaci\u00f3n en ese formato; o (b) su conversi\u00f3n a ese formato es razonable y necesaria para que la persona pueda ejercer sus derechos.<\/li>\n                      <\/ol><h2>10. Ni\u00f1os<\/h2><p>Nuestro sitio web no est\u00e1 dise\u00f1ado para atraer a ni\u00f1os y no es nuestra intenci\u00f3n recopilar datos personales de ni\u00f1os que no hayan alcanzado la edad de consentimiento en su pa\u00eds de residencia. Por lo tanto, solicitamos que los ni\u00f1os que no hayan alcanzado la edad de consentimiento no nos env\u00eden ning\u00fan dato personal.<\/p><h2>11. Datos de contacto<\/h2><p>Snorkel en Maui<br \/>\n        101 Maalaea Rd., rampa 64<br \/>\nWailuku, Haw\u00e1i 96793<br \/>\n        Estados Unidos<br \/>\n        Sitio web: <a href=\"https:\/\/mauisnorkeling.com\/es\">https:\/\/mauisnorkeling.com\/es<\/a> <br \/>\n        Correo electr\u00f3nico: <span class=\"cmplz-obfuscate\">informaci\u00f3n@<span class=\"cmplz-fmail-domain\">ex.com<\/span>&#109;a&#117;isnork&#101;l&#105;&#110;g.c&#111;&#109;<\/span> <br \/>\n        <br \/>\n        N\u00famero de tel\u00e9fono: +1 808-244-1979<\/p><p>Hemos designado una persona de contacto para las pol\u00edticas y pr\u00e1cticas de la organizaci\u00f3n y a quien se pueden enviar quejas o consultas:<br \/>Mario Noble<br \/>101 Maalaea Rd., rampa 64<br \/>\nWailuku, Haw\u00e1i 96793<\/p><\/div>","protected":false},"excerpt":{"rendered":"","protected":false},"author":6,"featured_media":0,"parent":0,"menu_order":0,"comment_status":"closed","ping_status":"closed","template":"","meta":{"_et_pb_use_builder":"","_et_pb_old_content":"","_et_gb_content_width":"","footnotes":""},"class_list":["post-5119","page","type-page","status-publish","hentry"],"_links":{"self":[{"href":"https:\/\/mauisnorkeling.com\/es\/wp-json\/wp\/v2\/pages\/5119","targetHints":{"allow":["GET"]}}],"collection":[{"href":"https:\/\/mauisnorkeling.com\/es\/wp-json\/wp\/v2\/pages"}],"about":[{"href":"https:\/\/mauisnorkeling.com\/es\/wp-json\/wp\/v2\/types\/page"}],"author":[{"embeddable":true,"href":"https:\/\/mauisnorkeling.com\/es\/wp-json\/wp\/v2\/users\/6"}],"replies":[{"embeddable":true,"href":"https:\/\/mauisnorkeling.com\/es\/wp-json\/wp\/v2\/comments?post=5119"}],"version-history":[{"count":0,"href":"https:\/\/mauisnorkeling.com\/es\/wp-json\/wp\/v2\/pages\/5119\/revisions"}],"wp:attachment":[{"href":"https:\/\/mauisnorkeling.com\/es\/wp-json\/wp\/v2\/media?parent=5119"}],"curies":[{"name":"gracias","href":"https:\/\/api.w.org\/{rel}","templated":true}]}}