{"id":22688,"date":"2025-03-03T08:33:56","date_gmt":"2025-03-03T18:33:56","guid":{"rendered":"https:\/\/mauisnorkeling.com\/privacy-statement-za\/"},"modified":"2025-03-10T08:14:55","modified_gmt":"2025-03-10T18:14:55","slug":"declaracion-de-privacidad-za","status":"publish","type":"page","link":"https:\/\/mauisnorkeling.com\/es\/privacy-statement-za\/","title":{"rendered":"Declaraci\u00f3n de privacidad (ZA)"},"content":{"rendered":"<!-- Legal document generated by Complianz | GDPR\/CCPA Cookie Consent https:\/\/wordpress.org\/plugins\/complianz-gdpr -->\n<div id=\"cmplz-document\" class=\"cmplz-document privacy-statement cmplz-document-za\"><p><i>Esta declaraci\u00f3n de privacidad se actualiz\u00f3 por \u00faltima vez el 4 de febrero de 2026 y se aplica a los ciudadanos y residentes legales permanentes de Sud\u00e1frica.<\/i><br \/><br \/><\/p><p>En esta declaraci\u00f3n de privacidad, explicamos qu\u00e9 hacemos con los datos que obtenemos sobre usted a trav\u00e9s de <a href=\"https:\/\/mauisnorkeling.com\/es\">https:\/\/mauisnorkeling.com\/es<\/a>Le recomendamos que lea atentamente esta declaraci\u00f3n. En el tratamiento de sus datos personales cumplimos con los requisitos de la legislaci\u00f3n sobre privacidad. Esto significa, entre otras cosas, que:<\/p><ul>\n                <li>Indicamos claramente para qu\u00e9 fines tratamos los datos personales. Lo hacemos mediante esta declaraci\u00f3n de privacidad;<\/li>\n                <li>Nuestro objetivo es limitar nuestra recopilaci\u00f3n de datos personales \u00fanicamente a los datos personales necesarios para fines leg\u00edtimos;<\/li>\n                <li>primero solicitamos su consentimiento expl\u00edcito para procesar sus datos personales en los casos que requieran su consentimiento;<\/li>\n                <li>tomamos medidas de seguridad adecuadas para proteger sus datos personales y tambi\u00e9n lo exigimos a las partes que procesan datos personales en nuestro nombre;<\/li>\n                <li>Respetamos su derecho a acceder a sus datos personales o a corregirlos o eliminarlos, a solicitud suya.<\/li>\n            <\/ul><p>Si tiene alguna pregunta o desea saber exactamente qu\u00e9 datos suyos conservamos, p\u00f3ngase en contacto con nosotros.<\/p><h2>1. Finalidad, datos y plazo de conservaci\u00f3n<\/h2>Podemos recopilar o recibir informaci\u00f3n personal para diversos fines relacionados con nuestras operaciones comerciales, que pueden incluir los siguientes: (haga clic para expandir)<details class=\"cmplz-dropdown dropdown-privacy-statement\"><summary><div><h3>1.1 Vender o compartir datos con un tercero<\/h3><\/div><\/summary><p class=\"cmplz-subtitle\">Para este fin utilizamos los siguientes datos:<\/p><p><ul><li>Informaci\u00f3n de la actividad de Internet, que incluye, entre otros, el historial de navegaci\u00f3n, el historial de b\u00fasqueda y la informaci\u00f3n sobre la interacci\u00f3n de un consumidor con un sitio web, una aplicaci\u00f3n o un anuncio de Internet.<\/li><li>Direcci\u00f3n IP<\/li><\/ul><\/p><p class=\"cmplz-subtitle\">Per\u00edodo de retenci\u00f3n<\/p><p>Conservamos estos datos tras la finalizaci\u00f3n del servicio durante el siguiente n\u00famero de meses: 26<\/p><\/details><details class=\"cmplz-dropdown dropdown-privacy-statement\"><summary><div><h3>1.2 Contacto \u2013 A trav\u00e9s de tel\u00e9fono, correo postal, correo electr\u00f3nico y\/o formularios web<\/h3><\/div><\/summary><p class=\"cmplz-subtitle\">Para este fin utilizamos los siguientes datos:<\/p><p><ul><li>Un nombre y apellido<\/li><li>Nombre de cuenta o alias<\/li><li>Fecha de nacimiento<\/li><li>Datos de geolocalizaci\u00f3n<\/li><li>Un n\u00famero de tel\u00e9fono<\/li><li>Una direcci\u00f3n de correo electr\u00f3nico<\/li><li>Una casa u otra direcci\u00f3n f\u00edsica, incluido el nombre de la calle y el nombre de una ciudad o pueblo<\/li><li>Direcci\u00f3n IP<\/li><li>Informaci\u00f3n de la actividad de Internet, que incluye, entre otros, el historial de navegaci\u00f3n, el historial de b\u00fasqueda y la informaci\u00f3n sobre la interacci\u00f3n de un consumidor con un sitio web, una aplicaci\u00f3n o un anuncio de Internet.<\/li><\/ul><\/p><p class=\"cmplz-subtitle\">Per\u00edodo de retenci\u00f3n<\/p><p>Conservamos estos datos tras la finalizaci\u00f3n del servicio durante el siguiente n\u00famero de meses: 26<\/p><\/details><details class=\"cmplz-dropdown dropdown-privacy-statement\"><summary><div><h3>1.3 Pagos<\/h3><\/div><\/summary><p class=\"cmplz-subtitle\">Para este fin utilizamos los siguientes datos:<\/p><p><ul><li>Un nombre y apellido<\/li><li>Una casa u otra direcci\u00f3n f\u00edsica, incluido el nombre de la calle y el nombre de una ciudad o pueblo<\/li><li>Una direcci\u00f3n de correo electr\u00f3nico<\/li><li>Un n\u00famero de tel\u00e9fono<\/li><li>Direcci\u00f3n IP<\/li><li>Informaci\u00f3n de la actividad de Internet, que incluye, entre otros, el historial de navegaci\u00f3n, el historial de b\u00fasqueda y la informaci\u00f3n sobre la interacci\u00f3n de un consumidor con un sitio web, una aplicaci\u00f3n o un anuncio de Internet.<\/li><li>Datos de geolocalizaci\u00f3n<\/li><\/ul><\/p><p class=\"cmplz-subtitle\">Per\u00edodo de retenci\u00f3n<\/p><p>Conservamos estos datos hasta que finalice el servicio.<\/p><\/details><details class=\"cmplz-dropdown dropdown-privacy-statement\"><summary><div><h3>1.4 Para respaldar servicios o productos que un cliente desea comprar o ha comprado<\/h3><\/div><\/summary><p class=\"cmplz-subtitle\">Para este fin utilizamos los siguientes datos:<\/p><p><ul><li>Un nombre y apellido<\/li><li>Una casa u otra direcci\u00f3n f\u00edsica, incluido el nombre de la calle y el nombre de una ciudad o pueblo<\/li><li>Una direcci\u00f3n de correo electr\u00f3nico<\/li><li>Un n\u00famero de tel\u00e9fono<\/li><li>Informaci\u00f3n de la actividad de Internet, que incluye, entre otros, el historial de navegaci\u00f3n, el historial de b\u00fasqueda y la informaci\u00f3n sobre la interacci\u00f3n de un consumidor con un sitio web, una aplicaci\u00f3n o un anuncio de Internet.<\/li><li>Direcci\u00f3n IP<\/li><li>Datos de geolocalizaci\u00f3n<\/li><\/ul><\/p><p class=\"cmplz-subtitle\">Per\u00edodo de retenci\u00f3n<\/p><p>Conservamos estos datos tras la finalizaci\u00f3n del servicio durante el siguiente n\u00famero de meses: 26<\/p><\/details><details class=\"cmplz-dropdown dropdown-privacy-statement\"><summary><div><h3>1.5 Recopilar y analizar estad\u00edsticas para la mejora del sitio web.<\/h3><\/div><\/summary><p class=\"cmplz-subtitle\">Para este fin utilizamos los siguientes datos:<\/p><p><ul><li>Direcci\u00f3n IP<\/li><li>Informaci\u00f3n de la actividad de Internet, que incluye, entre otros, el historial de navegaci\u00f3n, el historial de b\u00fasqueda y la informaci\u00f3n sobre la interacci\u00f3n de un consumidor con un sitio web, una aplicaci\u00f3n o un anuncio de Internet.<\/li><\/ul><\/p><p class=\"cmplz-subtitle\">Per\u00edodo de retenci\u00f3n<\/p><p>Conservamos estos datos tras la finalizaci\u00f3n del servicio durante el siguiente n\u00famero de meses: 26<\/p><\/details><details class=\"cmplz-dropdown dropdown-privacy-statement\"><summary><div><h3>1.6 Entregas<\/h3><\/div><\/summary><p class=\"cmplz-subtitle\">Para este fin utilizamos los siguientes datos:<\/p><p><ul><li>Un nombre y apellido<\/li><li>Una casa u otra direcci\u00f3n f\u00edsica, incluido el nombre de la calle y el nombre de una ciudad o pueblo<\/li><li>Una direcci\u00f3n de correo electr\u00f3nico<\/li><li>Un n\u00famero de tel\u00e9fono<\/li><li>Nombre de cuenta o alias<\/li><li>Direcci\u00f3n IP<\/li><li>Datos de geolocalizaci\u00f3n<\/li><\/ul><\/p><p class=\"cmplz-subtitle\">Per\u00edodo de retenci\u00f3n<\/p><p>Conservamos estos datos tras la finalizaci\u00f3n del servicio durante el siguiente n\u00famero de meses: 26<\/p><\/details><h2>2. \u00bfQu\u00e9 pasa si no nos facilitas tu informaci\u00f3n personal?<\/h2><p>Si no nos proporciona su informaci\u00f3n personal, es posible que no podamos brindarle la informaci\u00f3n, los productos o la asistencia que busca.<\/p><h2>3. Compartir con otras partes<\/h2><p>Solo compartimos o divulgamos estos datos a los operadores para los siguientes fines:<\/p><p class=\"cmplz-subtitle\">Operadores<\/p><p><p>\n                <b>Nombre:<\/b>&nbsp;Trabajos de viaje<br \/>\n                <b>Pa\u00eds:<\/b>&nbsp;A NOSOTROS<br \/>\n                <b>Objetivo:<\/b>&nbsp;Procesamiento de tarjetas de cr\u00e9dito<br \/>\n            <\/p><\/p><h2>4. Cookies<\/h2>Nuestro sitio web utiliza cookies. Para obtener m\u00e1s informaci\u00f3n sobre las cookies, consulte nuestra <a href=\"https:\/\/mauisnorkeling.com\/es\/cookie-policy-za\/\">Pol\u00edtica de cookies<\/a>.&nbsp;<h2>5. Pr\u00e1cticas de divulgaci\u00f3n<\/h2><p><p>Divulgamos informaci\u00f3n personal si as\u00ed lo exige la ley o una orden judicial, en respuesta a una agencia de aplicaci\u00f3n de la ley, en la medida permitida por otras disposiciones de la ley, para proporcionar informaci\u00f3n o para una investigaci\u00f3n sobre un asunto relacionado con la seguridad p\u00fablica.<\/p><p>Si nuestro sitio web u organizaci\u00f3n es adquirido, vendido o se ve involucrado en una fusi\u00f3n o adquisici\u00f3n, sus datos pueden ser revelados a nuestros asesores y a cualquier posible comprador y se transmitir\u00e1n a los nuevos propietarios.<\/p><\/p>Hemos celebrado un acuerdo de procesamiento de datos con Google. Google no podr\u00e1 utilizar los datos para ning\u00fan otro servicio de Google.<h2>6. Seguridad<\/h2>Estamos comprometidos con la seguridad de los datos personales. Tomamos las medidas de seguridad adecuadas para limitar el uso indebido y el acceso no autorizado a los datos personales. Esto garantiza que solo las personas necesarias tengan acceso a sus datos, que el acceso a los datos est\u00e9 protegido y que nuestras medidas de seguridad se revisen peri\u00f3dicamente.<h2>7. Sitios web de terceros<\/h2>Esta declaraci\u00f3n de privacidad no se aplica a los sitios web de terceros a los que se accede a trav\u00e9s de enlaces en nuestro sitio web. No podemos garantizar que estos terceros gestionen sus datos personales de forma fiable y segura. Le recomendamos que lea las declaraciones de privacidad de estos sitios web antes de utilizarlos.<h2>8. Modificaciones de la presente declaraci\u00f3n de privacidad<\/h2>Nos reservamos el derecho de realizar modificaciones a esta declaraci\u00f3n de privacidad. Se recomienda que consulte esta declaraci\u00f3n de privacidad peri\u00f3dicamente para estar al tanto de cualquier cambio. Adem\u00e1s, le informaremos activamente siempre que sea posible.<h2>9. Acceso y modificaci\u00f3n de sus datos<\/h2><p>Si tiene alguna pregunta o desea saber qu\u00e9 datos personales tenemos sobre usted, p\u00f3ngase en contacto con nosotros. Puede ponerse en contacto con nosotros utilizando la siguiente informaci\u00f3n. Tiene los siguientes derechos:<\/p><ul>\n                <li>Tiene derecho a saber por qu\u00e9 se necesitan sus datos personales, qu\u00e9 pasar\u00e1 con ellos y durante cu\u00e1nto tiempo se conservar\u00e1n.<\/li>\n                <li>Derecho de acceso: Usted tiene derecho a acceder a sus datos personales que conocemos.<\/li>\n                <li>Derecho de rectificaci\u00f3n: tienes derecho a completar, corregir, suprimir o bloquear tus datos personales cuando lo desees.<\/li>\n                <li>Si nos da su consentimiento para procesar sus datos, tiene derecho a revocar dicho consentimiento y a eliminar sus datos personales.<\/li>\n                <li>Derecho de oposici\u00f3n: usted podr\u00e1 oponerse al tratamiento de sus datos. Nosotros lo haremos, salvo que existan motivos justificados para el tratamiento.<\/li>\n            <\/ul><p>Por favor aseg\u00farese de indicar siempre claramente qui\u00e9n es usted, para que podamos estar seguros de no modificar ni eliminar ning\u00fan dato de la persona equivocada.<\/p><h2>10. Presentar una queja<\/h2>Si no est\u00e1 satisfecho con la forma en que manejamos (una queja sobre) el procesamiento de sus datos personales, tiene derecho a presentar una queja ante el Regulador de Informaci\u00f3n de Sud\u00e1frica:<br \/>Apartado postal 31533,\n\t\t\t\t\t\t<br \/>Braamfontein,\n\t\t\t\t\t\t<br \/>Johannesburgo,\n\t\t\t\t\t\t<br \/>2017\n\t\t\t\t\t\t<br \/>Correo electr\u00f3nico para quejas: complaints.IR@justice.gov.za<h2>11. Ni\u00f1os<\/h2><p>Nuestro sitio web no est\u00e1 dise\u00f1ado para atraer a ni\u00f1os y no es nuestra intenci\u00f3n recopilar datos personales de ni\u00f1os que no hayan alcanzado la edad de consentimiento en su pa\u00eds de residencia. Por lo tanto, solicitamos que los ni\u00f1os que no hayan alcanzado la edad de consentimiento no nos env\u00eden ning\u00fan dato personal.<\/p><h2>12. Datos de contacto<\/h2><p>Snorkel en Maui<br \/>\n        101 Maalaea Rd., rampa 64<br \/>\nWailuku, Haw\u00e1i 96793<br \/>\n        Estados Unidos<br \/>\n        Sitio web: <a href=\"https:\/\/mauisnorkeling.com\/es\">https:\/\/mauisnorkeling.com\/es<\/a> <br \/>\n        Correo electr\u00f3nico: <span class=\"cmplz-obfuscate\">informaci\u00f3n@<span class=\"cmplz-fmail-domain\">ex.com<\/span>ma&#117;is&#110;ork&#101;li&#110;&#103;&#046;&#099;om<\/span> <br \/>\n        N\u00famero de tel\u00e9fono: +1 808-244-1979<\/p><p>Hemos designado una persona de contacto para las pol\u00edticas y pr\u00e1cticas de la organizaci\u00f3n y a quien se pueden enviar quejas o consultas:<br \/>Mario Noble<br \/>101 Maalaea Rd., rampa 64<br \/>\nWailuku, Haw\u00e1i 96793<\/p><\/div>","protected":false},"excerpt":{"rendered":"","protected":false},"author":6,"featured_media":0,"parent":0,"menu_order":0,"comment_status":"closed","ping_status":"closed","template":"","meta":{"_et_pb_use_builder":"","_et_pb_old_content":"","_et_gb_content_width":"","footnotes":""},"class_list":["post-22688","page","type-page","status-publish","hentry"],"_links":{"self":[{"href":"https:\/\/mauisnorkeling.com\/es\/wp-json\/wp\/v2\/pages\/22688","targetHints":{"allow":["GET"]}}],"collection":[{"href":"https:\/\/mauisnorkeling.com\/es\/wp-json\/wp\/v2\/pages"}],"about":[{"href":"https:\/\/mauisnorkeling.com\/es\/wp-json\/wp\/v2\/types\/page"}],"author":[{"embeddable":true,"href":"https:\/\/mauisnorkeling.com\/es\/wp-json\/wp\/v2\/users\/6"}],"replies":[{"embeddable":true,"href":"https:\/\/mauisnorkeling.com\/es\/wp-json\/wp\/v2\/comments?post=22688"}],"version-history":[{"count":0,"href":"https:\/\/mauisnorkeling.com\/es\/wp-json\/wp\/v2\/pages\/22688\/revisions"}],"wp:attachment":[{"href":"https:\/\/mauisnorkeling.com\/es\/wp-json\/wp\/v2\/media?parent=22688"}],"curies":[{"name":"gracias","href":"https:\/\/api.w.org\/{rel}","templated":true}]}}