{"id":1921,"date":"2023-10-26T16:43:27","date_gmt":"2023-10-27T02:43:27","guid":{"rendered":"https:\/\/mauisnorkeling.com\/?post_type=product&#038;p=1921"},"modified":"2026-02-12T11:57:03","modified_gmt":"2026-02-12T21:57:03","slug":"maui-schnorcheln-damen-t-shirt","status":"publish","type":"product","link":"https:\/\/mauisnorkeling.com\/de\/product\/maui-snorkeling-ladies-t-shirt\/","title":{"rendered":"Maui Schnorcheln Damen T-Shirt"},"content":{"rendered":"","protected":false},"excerpt":{"rendered":"<p>Das Maui Snorkeling Ladies T-Shirt ist in zwei Gr\u00f6\u00dfen erh\u00e4ltlich.<\/p>\n<ul>\n<li>4,3 oz., 100% gek\u00e4mmte ringgesponnene Premium-Baumwolle aus den USA<\/li>\n<li>30\/1 Feintrikot<\/li>\n<li>Seitlich ges\u00e4umte Konstruktion<\/li>\n<li>Gerippter Rundhalsausschnitt<\/li>\n<li>Verst\u00e4rkter Nacken- und Schulterbereich<\/li>\n<li>Doppelnaht an langen \u00c4rmeln und unterem Saum<\/li>\n<li>Reaktivgef\u00e4rbt, \u00e4tzbar<\/li>\n<li>USMCA-zertifiziert<\/li>\n<li>Etikett \u201eAn beliebiger Stelle abrei\u00dfen\u201c<\/li>\n<\/ul>","protected":false},"featured_media":1927,"template":"","meta":{"_et_pb_use_builder":"","_et_pb_old_content":"","_et_gb_content_width":""},"product_brand":[],"product_cat":[32],"product_tag":[36],"class_list":{"0":"post-1921","1":"product","2":"type-product","3":"status-publish","4":"has-post-thumbnail","6":"product_cat-women","7":"product_tag-women","9":"first","10":"instock","11":"taxable","12":"shipping-taxable","13":"purchasable","14":"product-type-variable"},"_links":{"self":[{"href":"https:\/\/mauisnorkeling.com\/de\/wp-json\/wp\/v2\/product\/1921","targetHints":{"allow":["GET"]}}],"collection":[{"href":"https:\/\/mauisnorkeling.com\/de\/wp-json\/wp\/v2\/product"}],"about":[{"href":"https:\/\/mauisnorkeling.com\/de\/wp-json\/wp\/v2\/types\/product"}],"wp:featuredmedia":[{"embeddable":true,"href":"https:\/\/mauisnorkeling.com\/de\/wp-json\/wp\/v2\/media\/1927"}],"wp:attachment":[{"href":"https:\/\/mauisnorkeling.com\/de\/wp-json\/wp\/v2\/media?parent=1921"}],"wp:term":[{"taxonomy":"product_brand","embeddable":true,"href":"https:\/\/mauisnorkeling.com\/de\/wp-json\/wp\/v2\/product_brand?post=1921"},{"taxonomy":"product_cat","embeddable":true,"href":"https:\/\/mauisnorkeling.com\/de\/wp-json\/wp\/v2\/product_cat?post=1921"},{"taxonomy":"product_tag","embeddable":true,"href":"https:\/\/mauisnorkeling.com\/de\/wp-json\/wp\/v2\/product_tag?post=1921"}],"curies":[{"name":"wp","href":"https:\/\/api.w.org\/{rel}","templated":true}]}}