{"id":1494,"date":"2023-07-29T13:24:49","date_gmt":"2023-07-29T23:24:49","guid":{"rendered":"https:\/\/mauisnorkeling.com\/?post_type=product&#038;p=1494"},"modified":"2026-02-02T14:52:11","modified_gmt":"2026-02-03T00:52:11","slug":"maui-schnorcheln-t-shirt","status":"publish","type":"product","link":"https:\/\/mauisnorkeling.com\/de\/product\/maui-snorkeling-t-shirt\/","title":{"rendered":"Maui Schnorchel-T-Shirt"},"content":{"rendered":"","protected":false},"excerpt":{"rendered":"<p>Unser Maui-Schnorchel-T-Shirt ist in vier Gr\u00f6\u00dfen erh\u00e4ltlich.<\/p>\n<ul>\n<li>4,5 oz., 100% ringgesponnene Baumwolle<\/li>\n<li>Vorgewaschener Jersey-Strick<\/li>\n<li>Hohe Stichdichte f\u00fcr eine glattere Druckoberfl\u00e4che<\/li>\n<li>Nahtloser 3\/4-Zoll-Kragen mit Doppelnaht<\/li>\n<li>Verst\u00e4rkter Nacken- und Schulterbereich<\/li>\n<li>Nach vorne gerollte Schulter<\/li>\n<li>Doppelnaht an \u00c4rmeln und Saum<\/li>\n<li>Viertelgedreht, um die Mittelfalte zu beseitigen<\/li>\n<li>Halb tailliert<\/li>\n<\/ul>","protected":false},"featured_media":1495,"template":"","meta":{"_et_pb_use_builder":"off","_et_pb_old_content":"","_et_gb_content_width":""},"product_brand":[],"product_cat":[30,31,32],"product_tag":[33,34,36],"class_list":{"0":"post-1494","1":"product","2":"type-product","3":"status-publish","4":"has-post-thumbnail","6":"product_cat-men","7":"product_cat-unisex","8":"product_cat-women","9":"product_tag-men","10":"product_tag-unisex","11":"product_tag-women","13":"first","14":"instock","15":"taxable","16":"shipping-taxable","17":"purchasable","18":"product-type-variable"},"_links":{"self":[{"href":"https:\/\/mauisnorkeling.com\/de\/wp-json\/wp\/v2\/product\/1494","targetHints":{"allow":["GET"]}}],"collection":[{"href":"https:\/\/mauisnorkeling.com\/de\/wp-json\/wp\/v2\/product"}],"about":[{"href":"https:\/\/mauisnorkeling.com\/de\/wp-json\/wp\/v2\/types\/product"}],"wp:featuredmedia":[{"embeddable":true,"href":"https:\/\/mauisnorkeling.com\/de\/wp-json\/wp\/v2\/media\/1495"}],"wp:attachment":[{"href":"https:\/\/mauisnorkeling.com\/de\/wp-json\/wp\/v2\/media?parent=1494"}],"wp:term":[{"taxonomy":"product_brand","embeddable":true,"href":"https:\/\/mauisnorkeling.com\/de\/wp-json\/wp\/v2\/product_brand?post=1494"},{"taxonomy":"product_cat","embeddable":true,"href":"https:\/\/mauisnorkeling.com\/de\/wp-json\/wp\/v2\/product_cat?post=1494"},{"taxonomy":"product_tag","embeddable":true,"href":"https:\/\/mauisnorkeling.com\/de\/wp-json\/wp\/v2\/product_tag?post=1494"}],"curies":[{"name":"wp","href":"https:\/\/api.w.org\/{rel}","templated":true}]}}