{"id":5119,"date":"2024-10-15T03:47:38","date_gmt":"2024-10-15T13:47:38","guid":{"rendered":"https:\/\/mauisnorkeling.com\/privacy-statement-ca\/"},"modified":"2025-03-10T08:14:51","modified_gmt":"2025-03-10T18:14:51","slug":"datenschutzerklarung-ca","status":"publish","type":"page","link":"https:\/\/mauisnorkeling.com\/de\/privacy-statement-ca\/","title":{"rendered":"Datenschutzerkl\u00e4rung (CA)"},"content":{"rendered":"<!-- Legal document generated by Complianz | GDPR\/CCPA Cookie Consent https:\/\/wordpress.org\/plugins\/complianz-gdpr -->\n<div id=\"cmplz-document\" class=\"cmplz-document privacy-statement cmplz-document-ca\"><p><i>Diese Datenschutzerkl\u00e4rung wurde zuletzt am 4. Februar 2026 ge\u00e4ndert und \u00fcberpr\u00fcft und gilt f\u00fcr kanadische Staatsb\u00fcrger und Personen mit st\u00e4ndigem Wohnsitz in Kanada.<\/i><br \/><br \/><\/p><p>In dieser Datenschutzerkl\u00e4rung erl\u00e4utern wir, was wir mit den Daten tun, die wir \u00fcber Sie erhalten \u00fcber <a href=\"https:\/\/mauisnorkeling.com\/de\">https:\/\/mauisnorkeling.com\/de<\/a>Wir empfehlen Ihnen, diese Erkl\u00e4rung sorgf\u00e4ltig zu lesen. Bei unserer Verarbeitung halten wir uns an die Anforderungen der Datenschutzgesetze. Dies bedeutet unter anderem, dass:<ul>\n                <li>Wir geben klar an, zu welchen Zwecken wir personenbezogene Daten verarbeiten. Dies geschieht mithilfe dieser Datenschutzerkl\u00e4rung.<\/li>\n                <li>Wir sind bestrebt, die Erhebung personenbezogener Daten auf die f\u00fcr legitime Zwecke erforderlichen personenbezogenen Daten zu beschr\u00e4nken.<\/li>\n                <li>In F\u00e4llen, in denen Ihre Zustimmung erforderlich ist, holen wir zun\u00e4chst Ihre ausdr\u00fcckliche Zustimmung zur Verarbeitung Ihrer personenbezogenen Daten ein.<\/li>\n                <li>Wir ergreifen angemessene Sicherheitsma\u00dfnahmen, um Ihre personenbezogenen Daten zu sch\u00fctzen und verlangen dies auch von Parteien, die personenbezogene Daten in unserem Auftrag verarbeiten.<\/li>\n                <li>Wir respektieren Ihr Recht, auf Ihre personenbezogenen Daten zuzugreifen und diese auf Ihren Wunsch hin korrigieren oder l\u00f6schen zu lassen.<\/li>\n            <\/ul><\/p>Wenn du Fragen hast oder wissen m\u00f6chtest, welche pers\u00f6nlichen Daten wir \u00fcber dich speichern, kontaktiere uns bitte.<h2>1. Zweck und Datenkategorien<\/h2><p>Wir k\u00f6nnen personenbezogene Daten f\u00fcr eine Reihe von Zwecken im Zusammenhang mit unserer Gesch\u00e4ftst\u00e4tigkeit erfassen oder erhalten, darunter die folgenden: (zum Erweitern klicken)<\/b><\/p><details class=\"cmplz-dropdown dropdown-privacy-statement\"><summary><div><h3>1.1 Daten an Dritte verkaufen oder weitergeben<\/h3><\/div><\/summary><p class=\"cmplz-subtitle\">Folgende Datenkategorien werden erhoben<\/p><p><ul><li>Informationen zu Internetaktivit\u00e4ten, einschlie\u00dflich, aber nicht beschr\u00e4nkt auf Browserverlauf, Suchverlauf und Informationen zur Interaktion eines Verbrauchers mit einer Internet-Website, Anwendung oder Werbung<\/li><li>IP-Adresse<\/li><\/ul><\/p><p class=\"cmplz-subtitle\">Aufbewahrungsfrist<\/p><p>Wir speichern diese Daten nach Beendigung des Dienstes f\u00fcr die folgende Anzahl von Monaten: 26<\/p><\/details><details class=\"cmplz-dropdown dropdown-privacy-statement\"><summary><div><h3>1.2 Kontakt \u2013 Per Telefon, Post, E-Mail und\/oder Webformulare<\/h3><\/div><\/summary><p class=\"cmplz-subtitle\">Folgende Datenkategorien werden erhoben<\/p><p><ul><li>Ein Vor- und Nachname<\/li><li>Kontoname oder Alias<\/li><li>Geburtsdatum<\/li><li>Geolokalisierungsdaten<\/li><li>Eine Telefonnummer<\/li><li>Eine E-Mail-Adresse<\/li><li>Eine Privatadresse oder andere physische Adresse, einschlie\u00dflich Stra\u00dfenname und Name einer Stadt oder eines Ortes<\/li><li>IP-Adresse<\/li><li>Informationen zu Internetaktivit\u00e4ten, einschlie\u00dflich, aber nicht beschr\u00e4nkt auf Browserverlauf, Suchverlauf und Informationen zur Interaktion eines Verbrauchers mit einer Internet-Website, Anwendung oder Werbung<\/li><\/ul><\/p><p class=\"cmplz-subtitle\">Aufbewahrungsfrist<\/p><p>Wir speichern diese Daten nach Beendigung des Dienstes f\u00fcr die folgende Anzahl von Monaten: 26<\/p><\/details><details class=\"cmplz-dropdown dropdown-privacy-statement\"><summary><div><h3>1.3 Zahlungen<\/h3><\/div><\/summary><p class=\"cmplz-subtitle\">Folgende Datenkategorien werden erhoben<\/p><p><ul><li>Ein Vor- und Nachname<\/li><li>Eine Privatadresse oder andere physische Adresse, einschlie\u00dflich Stra\u00dfenname und Name einer Stadt oder eines Ortes<\/li><li>Eine E-Mail-Adresse<\/li><li>Eine Telefonnummer<\/li><li>IP-Adresse<\/li><li>Informationen zu Internetaktivit\u00e4ten, einschlie\u00dflich, aber nicht beschr\u00e4nkt auf Browserverlauf, Suchverlauf und Informationen zur Interaktion eines Verbrauchers mit einer Internet-Website, Anwendung oder Werbung<\/li><li>Geolokalisierungsdaten<\/li><\/ul><\/p><p class=\"cmplz-subtitle\">Aufbewahrungsfrist<\/p><p>Wir speichern diese Daten bis zur Beendigung des Dienstes.<\/p><\/details><details class=\"cmplz-dropdown dropdown-privacy-statement\"><summary><div><h3>1.4 Zur Unterst\u00fctzung von Dienstleistungen oder Produkten, die ein Kunde kaufen m\u00f6chte oder gekauft hat<\/h3><\/div><\/summary><p class=\"cmplz-subtitle\">Folgende Datenkategorien werden erhoben<\/p><p><ul><li>Ein Vor- und Nachname<\/li><li>Eine Privatadresse oder andere physische Adresse, einschlie\u00dflich Stra\u00dfenname und Name einer Stadt oder eines Ortes<\/li><li>Eine E-Mail-Adresse<\/li><li>Eine Telefonnummer<\/li><li>Informationen zu Internetaktivit\u00e4ten, einschlie\u00dflich, aber nicht beschr\u00e4nkt auf Browserverlauf, Suchverlauf und Informationen zur Interaktion eines Verbrauchers mit einer Internet-Website, Anwendung oder Werbung<\/li><li>IP-Adresse<\/li><li>Geolokalisierungsdaten<\/li><\/ul><\/p><p class=\"cmplz-subtitle\">Aufbewahrungsfrist<\/p><p>Wir speichern diese Daten nach Beendigung des Dienstes f\u00fcr die folgende Anzahl von Monaten: 26<\/p><\/details><details class=\"cmplz-dropdown dropdown-privacy-statement\"><summary><div><h3>1.5 Erstellen und Analysieren von Statistiken zur Verbesserung der Website.<\/h3><\/div><\/summary><p class=\"cmplz-subtitle\">Folgende Datenkategorien werden erhoben<\/p><p><ul><li>IP-Adresse<\/li><li>Informationen zu Internetaktivit\u00e4ten, einschlie\u00dflich, aber nicht beschr\u00e4nkt auf Browserverlauf, Suchverlauf und Informationen zur Interaktion eines Verbrauchers mit einer Internet-Website, Anwendung oder Werbung<\/li><\/ul><\/p><p class=\"cmplz-subtitle\">Aufbewahrungsfrist<\/p><p>Wir speichern diese Daten nach Beendigung des Dienstes f\u00fcr die folgende Anzahl von Monaten: 26<\/p><\/details><details class=\"cmplz-dropdown dropdown-privacy-statement\"><summary><div><h3>1.6 Lieferungen<\/h3><\/div><\/summary><p class=\"cmplz-subtitle\">Folgende Datenkategorien werden erhoben<\/p><p><ul><li>Ein Vor- und Nachname<\/li><li>Eine Privatadresse oder andere physische Adresse, einschlie\u00dflich Stra\u00dfenname und Name einer Stadt oder eines Ortes<\/li><li>Eine E-Mail-Adresse<\/li><li>Eine Telefonnummer<\/li><li>Kontoname oder Alias<\/li><li>IP-Adresse<\/li><li>Geolokalisierungsdaten<\/li><\/ul><\/p><p class=\"cmplz-subtitle\">Aufbewahrungsfrist<\/p><p>Wir speichern diese Daten nach Beendigung des Dienstes f\u00fcr die folgende Anzahl von Monaten: 26<\/p><\/details><h2>2. Weitergabe an Dritte<\/h2><p>Eine Weitergabe bzw. Offenlegung dieser Daten an andere Empf\u00e4nger erfolgt nur zu den folgenden Zwecken:<\/p><p><b>Zweck der Daten\u00fcbermittlung:<\/b>&nbsp;Kreditkartenabwicklung<br \/>\n             <b>Land oder Staat, in dem sich dieser Dienstanbieter befindet:<\/b>&nbsp;UNS<br \/><\/p><h2>3. Offenlegungspraktiken<\/h2><p><p>Wir geben personenbezogene Daten weiter, wenn wir gesetzlich oder durch Gerichtsbeschluss dazu verpflichtet sind, als Reaktion auf Anfragen von Strafverfolgungsbeh\u00f6rden, soweit dies nach anderen gesetzlichen Bestimmungen zul\u00e4ssig ist, zur Bereitstellung von Informationen oder f\u00fcr eine Untersuchung in einer Angelegenheit im Zusammenhang mit der \u00f6ffentlichen Sicherheit.<\/p><p>Wenn unsere Website oder Organisation \u00fcbernommen oder verkauft wird oder in eine Fusion oder \u00dcbernahme involviert ist, k\u00f6nnen Ihre Daten an unsere Berater und etwaige potenzielle K\u00e4ufer weitergegeben werden und werden an die neuen Eigent\u00fcmer weitergegeben.<\/p><\/p><h2>4. Unsere Reaktion auf \u201eDo Not Track\u201c-Signale und die globale Datenschutzkontrolle <\/h2><p>Unsere Website reagiert nicht auf das Do Not Track (DNT)-Header-Anforderungsfeld und unterst\u00fctzt es nicht.<\/p><h2>5. Verwendung von Cookies<\/h2><p>Unsere Website verwendet Cookies. Weitere Informationen zu Cookies finden Sie in unserer Cookie-Richtlinie auf unserer <a href=\"https:\/\/mauisnorkeling.com\/de\/cookie-policy-ca\/\">Cookie-Richtlinie (CA)<\/a> Webseite.&nbsp;<\/p><p>Wir haben mit Google einen Auftragsverarbeitungsvertrag abgeschlossen.<\/p><p>Google darf die Daten nicht f\u00fcr andere Google-Dienste verwenden.<\/p><h2>6. Sicherheit<\/h2><p>Wir sind der Sicherheit pers\u00f6nlicher Daten verpflichtet. Wir ergreifen angemessene Sicherheitsma\u00dfnahmen um Missbrauch und unberechtigten Zugriff auf pers\u00f6nliche Daten zu begrenzen. Dies stellt sicher, dass nur notwendige Personen Zugriff auf Ihre Daten erhalten, dieser Zugriff gesch\u00fctzt ist und dass unsere Sicherheitsma\u00dfnahmen regelm\u00e4\u00dfig \u00fcberpr\u00fcft werden.<\/p><h2>7. Websites Dritter<\/h2><p>Diese Datenschutzerkl\u00e4rung gilt nicht f\u00fcr Websites von Drittanbietern, die \u00fcber Links auf unserer Website verbunden sind. Wir k\u00f6nnen nicht garantieren, dass diese Drittanbieter Ihre pers\u00f6nlichen Daten zuverl\u00e4ssig oder sicher behandeln. Wir empfehlen Ihnen, die Datenschutzerkl\u00e4rungen dieser Websites zu lesen, bevor Sie diese Websites nutzen.<\/p><h2>8. \u00c4nderungen dieser Datenschutzerkl\u00e4rung<\/h2><p>Wir behalten uns das Recht vor, \u00c4nderungen an dieser Datenschutzerkl\u00e4rung vorzunehmen. Es wird empfohlen, diese Datenschutzerkl\u00e4rung regelm\u00e4\u00dfig zu lesen, um \u00fcber etwaige \u00c4nderungen informiert zu sein. Dar\u00fcber hinaus informieren wir Sie, wo immer m\u00f6glich, aktiv.<\/p><h2>9. Zugriff und \u00c4nderung Ihrer Daten<\/h2><p>Wenn Sie Fragen haben oder wissen m\u00f6chten, welche personenbezogenen Daten wir \u00fcber Sie gespeichert haben, kontaktieren Sie uns bitte. Bitte geben Sie immer klar an, wer Sie sind, damit wir sicher sein k\u00f6nnen, dass wir nicht die Daten der falschen Person \u00e4ndern oder l\u00f6schen. Wir stellen die angeforderten Informationen nur nach Erhalt einer \u00fcberpr\u00fcfbaren Verbraucheranfrage zur Verf\u00fcgung. Sie k\u00f6nnen uns \u00fcber die unten stehenden Informationen kontaktieren.<\/p><p class=\"cmplz-subtitle\">9.1 Sie haben gegen\u00fcber uns folgende Rechte hinsichtlich Ihrer personenbezogenen Daten<\/p><ol class=\"alphabetic\">\n                        <li>Sie k\u00f6nnen einen Antrag auf Zugriff auf die Daten stellen, die wir \u00fcber Sie verarbeiten.<\/li>\n                        <li>Sie k\u00f6nnen eine \u00dcbersicht \u00fcber die von uns \u00fcber Sie verarbeiteten Daten in einem allgemein verwendeten Format anfordern.<\/li>\n                        <li>Sie k\u00f6nnen die Berichtigung oder L\u00f6schung der Daten verlangen, wenn diese falsch oder nicht mehr relevant sind. Gegebenenfalls werden die ge\u00e4nderten Informationen an Dritte \u00fcbermittelt, die Zugriff auf die betreffenden Informationen haben.<\/li>\n                        <li>Sie haben das Recht, Ihre Einwilligung jederzeit unter Beachtung gesetzlicher oder vertraglicher Beschr\u00e4nkungen und einer angemessenen Frist zu widerrufen. Sie werden \u00fcber die Folgen eines solchen Widerrufs informiert.<\/li>\n                        <li>Sie haben das Recht, sich mit einer Beschwerde wegen Nichteinhaltung von PIPEDA an unsere Organisation und, falls das Problem nicht gel\u00f6st werden kann, an das B\u00fcro des kanadischen Datenschutzbeauftragten zu wenden.<\/li>\n                        <li>Wir gew\u00e4hren einer Person mit einer Sinnesbehinderung, die gem\u00e4\u00df PIPEDA ein Recht auf Zugriff auf personenbezogene Daten hat und die \u00dcbermittlung dieser Daten in dem alternativen Format verlangt, Zugriff auf personenbezogene Daten in einem alternativen Format, wenn (a) bereits eine Version der Daten in diesem Format vorliegt oder (b) ihre Konvertierung in dieses Format angemessen und notwendig ist, damit die Person ihre Rechte aus\u00fcben kann.<\/li>\n                      <\/ol><h2>10. Kinder<\/h2><p>Unsere Website ist nicht darauf ausgelegt, Kinder anzusprechen, und es ist nicht unsere Absicht, personenbezogene Daten von Kindern zu sammeln, die in ihrem Wohnsitzland noch nicht vollj\u00e4hrig sind. Wir bitten daher Kinder unter dem Vollj\u00e4hrigkeitsalter, uns keine personenbezogenen Daten zu \u00fcbermitteln.<\/p><h2>11. Kontaktdaten<\/h2><p>Maui Schnorcheln<br \/>\n        101 Maalaea Rd Slip 64<br \/>\nWailuku, HI 96793<br \/>\n        Vereinigte Staaten<br \/>\n        Webseite: <a href=\"https:\/\/mauisnorkeling.com\/de\">https:\/\/mauisnorkeling.com\/de<\/a> <br \/>\n        E-Mail: <span class=\"cmplz-obfuscate\">Info@<span class=\"cmplz-fmail-domain\">ex.com<\/span>&#109;&#097;&#117;i&#115;n&#111;rk&#101;l&#105;&#110;&#103;.&#099;o&#109;<\/span> <br \/>\n        <br \/>\n        Telefonnummer: +1 808-244-1979<\/p><p>Wir haben eine Kontaktperson f\u00fcr die Richtlinien und Praktiken der Organisation benannt, an die Beschwerden oder Anfragen weitergeleitet werden k\u00f6nnen:<br \/>Mario Noble<br \/>101 Maalaea Rd Slip 64<br \/>\nWailuku, HI 96793<\/p><\/div>","protected":false},"excerpt":{"rendered":"","protected":false},"author":6,"featured_media":0,"parent":0,"menu_order":0,"comment_status":"closed","ping_status":"closed","template":"","meta":{"_et_pb_use_builder":"","_et_pb_old_content":"","_et_gb_content_width":"","footnotes":""},"class_list":["post-5119","page","type-page","status-publish","hentry"],"_links":{"self":[{"href":"https:\/\/mauisnorkeling.com\/de\/wp-json\/wp\/v2\/pages\/5119","targetHints":{"allow":["GET"]}}],"collection":[{"href":"https:\/\/mauisnorkeling.com\/de\/wp-json\/wp\/v2\/pages"}],"about":[{"href":"https:\/\/mauisnorkeling.com\/de\/wp-json\/wp\/v2\/types\/page"}],"author":[{"embeddable":true,"href":"https:\/\/mauisnorkeling.com\/de\/wp-json\/wp\/v2\/users\/6"}],"replies":[{"embeddable":true,"href":"https:\/\/mauisnorkeling.com\/de\/wp-json\/wp\/v2\/comments?post=5119"}],"version-history":[{"count":0,"href":"https:\/\/mauisnorkeling.com\/de\/wp-json\/wp\/v2\/pages\/5119\/revisions"}],"wp:attachment":[{"href":"https:\/\/mauisnorkeling.com\/de\/wp-json\/wp\/v2\/media?parent=5119"}],"curies":[{"name":"wp","href":"https:\/\/api.w.org\/{rel}","templated":true}]}}