{"id":5115,"date":"2024-10-15T03:47:34","date_gmt":"2024-10-15T13:47:34","guid":{"rendered":"https:\/\/mauisnorkeling.com\/privacy-statement-uk\/"},"modified":"2025-03-10T08:14:49","modified_gmt":"2025-03-10T18:14:49","slug":"datenschutzerklarung-grosbritannien","status":"publish","type":"page","link":"https:\/\/mauisnorkeling.com\/de\/privacy-statement-uk\/","title":{"rendered":"Datenschutzerkl\u00e4rung (UK)"},"content":{"rendered":"<!-- Legal document generated by Complianz | GDPR\/CCPA Cookie Consent https:\/\/wordpress.org\/plugins\/complianz-gdpr -->\n<div id=\"cmplz-document\" class=\"cmplz-document privacy-statement cmplz-document-uk\"><p><i>Diese Datenschutzerkl\u00e4rung wurde zuletzt am 4. Februar 2026 aktualisiert und gilt f\u00fcr B\u00fcrger und rechtm\u00e4\u00dfige st\u00e4ndige Einwohner des Vereinigten K\u00f6nigreichs.<\/i><br><br><\/p><p>In dieser Datenschutzerkl\u00e4rung erl\u00e4utern wir, was wir mit den Daten tun, die wir \u00fcber Sie erhalten \u00fcber <a href=\"https:\/\/mauisnorkeling.com\/de\">https:\/\/mauisnorkeling.com\/de<\/a>Wir empfehlen Ihnen, diese Erkl\u00e4rung sorgf\u00e4ltig zu lesen. Bei unserer Verarbeitung halten wir uns an die Anforderungen der Datenschutzgesetze. Dies bedeutet unter anderem, dass:<\/p><ul>\n                <li>Wir geben klar an, zu welchen Zwecken wir personenbezogene Daten verarbeiten. Dies geschieht mithilfe dieser Datenschutzerkl\u00e4rung.<\/li>\n                <li>Wir sind bestrebt, die Erhebung personenbezogener Daten auf die f\u00fcr legitime Zwecke erforderlichen personenbezogenen Daten zu beschr\u00e4nken.<\/li>\n                <li>In F\u00e4llen, in denen Ihre Zustimmung erforderlich ist, holen wir zun\u00e4chst Ihre ausdr\u00fcckliche Zustimmung zur Verarbeitung Ihrer personenbezogenen Daten ein.<\/li>\n                <li>Wir ergreifen angemessene Sicherheitsma\u00dfnahmen, um Ihre personenbezogenen Daten zu sch\u00fctzen und verlangen dies auch von Parteien, die personenbezogene Daten in unserem Auftrag verarbeiten.<\/li>\n                <li>Wir respektieren Ihr Recht, auf Ihre personenbezogenen Daten zuzugreifen und diese auf Ihren Wunsch hin korrigieren oder l\u00f6schen zu lassen.<\/li>\n            <\/ul><p>Wenn du Fragen hast oder wissen m\u00f6chtest, welche pers\u00f6nlichen Daten wir \u00fcber dich speichern, kontaktiere uns bitte.<\/p><h2>1. Zweck, Daten und Aufbewahrungsdauer<\/h2>Wir k\u00f6nnen personenbezogene Daten f\u00fcr eine Reihe von Zwecken im Zusammenhang mit unserer Gesch\u00e4ftst\u00e4tigkeit erfassen oder erhalten, darunter die folgenden: (zum Erweitern klicken)<details class=\"cmplz-dropdown dropdown-privacy-statement\"><summary><div><h3>1.1 Daten an Dritte verkaufen oder weitergeben<\/h3><\/div><\/summary><p class=\"cmplz-subtitle\">Zu diesem Zweck verwenden wir folgende Daten:<\/p><p><ul><li>Informationen zu Internetaktivit\u00e4ten, einschlie\u00dflich, aber nicht beschr\u00e4nkt auf Browserverlauf, Suchverlauf und Informationen zur Interaktion eines Verbrauchers mit einer Internet-Website, Anwendung oder Werbung<\/li><li>IP-Adresse<\/li><\/ul><\/p><p class=\"cmplz-subtitle\">Die Grundlage, auf der wir diese Daten verarbeiten k\u00f6nnen, ist:<\/p><p><a target=\"_blank\" rel=\"noopener noreferrer nofollow\" href=\"https:\/\/cookiedatabase.org\/legal-bases\/#consent\">Nach Erteilung der Einwilligung.<\/a><\/p><p class=\"cmplz-subtitle\">Aufbewahrungsfrist<\/p><p>Wir speichern diese Daten nach Beendigung des Dienstes f\u00fcr die folgende Anzahl von Monaten: 26<\/p><\/details><details class=\"cmplz-dropdown dropdown-privacy-statement\"><summary><div><h3>1.2 Kontakt \u2013 Per Telefon, Post, E-Mail und\/oder Webformulare<\/h3><\/div><\/summary><p class=\"cmplz-subtitle\">Zu diesem Zweck verwenden wir folgende Daten:<\/p><p><ul><li>Ein Vor- und Nachname<\/li><li>Kontoname oder Alias<\/li><li>Geburtsdatum<\/li><li>Geolokalisierungsdaten<\/li><li>Eine Telefonnummer<\/li><li>Eine E-Mail-Adresse<\/li><li>Eine Privatadresse oder andere physische Adresse, einschlie\u00dflich Stra\u00dfenname und Name einer Stadt oder eines Ortes<\/li><li>IP-Adresse<\/li><li>Informationen zu Internetaktivit\u00e4ten, einschlie\u00dflich, aber nicht beschr\u00e4nkt auf Browserverlauf, Suchverlauf und Informationen zur Interaktion eines Verbrauchers mit einer Internet-Website, Anwendung oder Werbung<\/li><\/ul><\/p><p class=\"cmplz-subtitle\">Die Grundlage, auf der wir diese Daten verarbeiten k\u00f6nnen, ist:<\/p><p><a target=\"_blank\" rel=\"noopener noreferrer nofollow\" href=\"https:\/\/cookiedatabase.org\/legal-bases\/#consent\">Nach Erteilung der Einwilligung.<\/a><\/p><p class=\"cmplz-subtitle\">Aufbewahrungsfrist<\/p><p>Wir speichern diese Daten nach Beendigung des Dienstes f\u00fcr die folgende Anzahl von Monaten: 26<\/p><\/details><details class=\"cmplz-dropdown dropdown-privacy-statement\"><summary><div><h3>1.3 Zahlungen<\/h3><\/div><\/summary><p class=\"cmplz-subtitle\">Zu diesem Zweck verwenden wir folgende Daten:<\/p><p><ul><li>Ein Vor- und Nachname<\/li><li>Eine Privatadresse oder andere physische Adresse, einschlie\u00dflich Stra\u00dfenname und Name einer Stadt oder eines Ortes<\/li><li>Eine E-Mail-Adresse<\/li><li>Eine Telefonnummer<\/li><li>IP-Adresse<\/li><li>Informationen zu Internetaktivit\u00e4ten, einschlie\u00dflich, aber nicht beschr\u00e4nkt auf Browserverlauf, Suchverlauf und Informationen zur Interaktion eines Verbrauchers mit einer Internet-Website, Anwendung oder Werbung<\/li><li>Geolokalisierungsdaten<\/li><\/ul><\/p><p class=\"cmplz-subtitle\">Die Grundlage, auf der wir diese Daten verarbeiten k\u00f6nnen, ist:<\/p><p><a target=\"_blank\" rel=\"noopener noreferrer nofollow\" href=\"https:\/\/cookiedatabase.org\/legal-bases\/#consent\">Nach Erteilung der Einwilligung.<\/a><\/p><p class=\"cmplz-subtitle\">Aufbewahrungsfrist<\/p><p>Wir speichern diese Daten bis zur Beendigung des Dienstes.<\/p><\/details><details class=\"cmplz-dropdown dropdown-privacy-statement\"><summary><div><h3>1.4 Zur Unterst\u00fctzung von Dienstleistungen oder Produkten, die ein Kunde kaufen m\u00f6chte oder gekauft hat<\/h3><\/div><\/summary><p class=\"cmplz-subtitle\">Zu diesem Zweck verwenden wir folgende Daten:<\/p><p><ul><li>Ein Vor- und Nachname<\/li><li>Eine Privatadresse oder andere physische Adresse, einschlie\u00dflich Stra\u00dfenname und Name einer Stadt oder eines Ortes<\/li><li>Eine E-Mail-Adresse<\/li><li>Eine Telefonnummer<\/li><li>Informationen zu Internetaktivit\u00e4ten, einschlie\u00dflich, aber nicht beschr\u00e4nkt auf Browserverlauf, Suchverlauf und Informationen zur Interaktion eines Verbrauchers mit einer Internet-Website, Anwendung oder Werbung<\/li><li>IP-Adresse<\/li><li>Geolokalisierungsdaten<\/li><\/ul><\/p><p class=\"cmplz-subtitle\">Die Grundlage, auf der wir diese Daten verarbeiten k\u00f6nnen, ist:<\/p><p><a target=\"_blank\" rel=\"noopener noreferrer nofollow\" href=\"https:\/\/cookiedatabase.org\/legal-bases\/#consent\">Nach Erteilung der Einwilligung.<\/a><\/p><p class=\"cmplz-subtitle\">Aufbewahrungsfrist<\/p><p>Wir speichern diese Daten nach Beendigung des Dienstes f\u00fcr die folgende Anzahl von Monaten: 26<\/p><\/details><details class=\"cmplz-dropdown dropdown-privacy-statement\"><summary><div><h3>1.5 Erstellen und Analysieren von Statistiken zur Verbesserung der Website.<\/h3><\/div><\/summary><p class=\"cmplz-subtitle\">Zu diesem Zweck verwenden wir folgende Daten:<\/p><p><ul><li>IP-Adresse<\/li><li>Informationen zu Internetaktivit\u00e4ten, einschlie\u00dflich, aber nicht beschr\u00e4nkt auf Browserverlauf, Suchverlauf und Informationen zur Interaktion eines Verbrauchers mit einer Internet-Website, Anwendung oder Werbung<\/li><\/ul><\/p><p class=\"cmplz-subtitle\">Die Grundlage, auf der wir diese Daten verarbeiten k\u00f6nnen, ist:<\/p><p><a target=\"_blank\" rel=\"noopener noreferrer nofollow\" href=\"https:\/\/cookiedatabase.org\/legal-bases\/#consent\">Nach Erteilung der Einwilligung.<\/a><\/p><p class=\"cmplz-subtitle\">Aufbewahrungsfrist<\/p><p>Wir speichern diese Daten nach Beendigung des Dienstes f\u00fcr die folgende Anzahl von Monaten: 26<\/p><\/details><details class=\"cmplz-dropdown dropdown-privacy-statement\"><summary><div><h3>1.6 Lieferungen<\/h3><\/div><\/summary><p class=\"cmplz-subtitle\">Zu diesem Zweck verwenden wir folgende Daten:<\/p><p><ul><li>Ein Vor- und Nachname<\/li><li>Eine Privatadresse oder andere physische Adresse, einschlie\u00dflich Stra\u00dfenname und Name einer Stadt oder eines Ortes<\/li><li>Eine E-Mail-Adresse<\/li><li>Eine Telefonnummer<\/li><li>Kontoname oder Alias<\/li><li>IP-Adresse<\/li><li>Geolokalisierungsdaten<\/li><\/ul><\/p><p class=\"cmplz-subtitle\">Die Grundlage, auf der wir diese Daten verarbeiten k\u00f6nnen, ist:<\/p><p><a target=\"_blank\" rel=\"noopener noreferrer nofollow\" href=\"https:\/\/cookiedatabase.org\/legal-bases\/#consent\">Nach Erteilung der Einwilligung.<\/a><\/p><p class=\"cmplz-subtitle\">Aufbewahrungsfrist<\/p><p>Wir speichern diese Daten nach Beendigung des Dienstes f\u00fcr die folgende Anzahl von Monaten: 26<\/p><\/details><h2>2. Weitergabe an Dritte<\/h2><p>Wir geben diese Daten nur zu folgenden Zwecken an Auftragsverarbeiter weiter bzw. legen sie diesen gegen\u00fcber offen:<\/p><p class=\"cmplz-subtitle\">Prozessoren<\/p><p><b>Name:<\/b>&nbsp;TripWorks<br>\n                <b>Land:<\/b>&nbsp;UNS<br>\n                <b>Zweck:<\/b>&nbsp;Kreditkartenabwicklung<br><\/p><h2>3. Verwendung von Cookies<\/h2><p>Unsere Website verwendet Cookies. Weitere Informationen zu Cookies erhalten Sie in unserer <a href=\"https:\/\/mauisnorkeling.com\/de\/cookie-policy-uk\/\">Cookie-Richtlinie<\/a>.&nbsp;<\/p><h2>4. Offenlegungspraktiken<\/h2><p><p>Wir geben personenbezogene Daten weiter, wenn wir gesetzlich oder durch Gerichtsbeschluss dazu verpflichtet sind, als Reaktion auf Anfragen von Strafverfolgungsbeh\u00f6rden, soweit dies nach anderen gesetzlichen Bestimmungen zul\u00e4ssig ist, zur Bereitstellung von Informationen oder f\u00fcr eine Untersuchung in einer Angelegenheit im Zusammenhang mit der \u00f6ffentlichen Sicherheit.<\/p><p>Wenn unsere Website oder Organisation \u00fcbernommen oder verkauft wird oder in eine Fusion oder \u00dcbernahme involviert ist, k\u00f6nnen Ihre Daten an unsere Berater und etwaige potenzielle K\u00e4ufer weitergegeben werden und werden an die neuen Eigent\u00fcmer weitergegeben.<\/p><\/p><p>Wir haben mit Google einen Vertrag zur Auftragsdatenverarbeitung abgeschlossen.<\/p><p>Google darf die Daten nicht f\u00fcr andere Google-Dienste verwenden.<\/p><h2>5. Sicherheit<\/h2><p>Wir sind der Sicherheit pers\u00f6nlicher Daten verpflichtet. Wir ergreifen angemessene Sicherheitsma\u00dfnahmen um Missbrauch und unautorisierten Zugriff auf pers\u00f6nliche Daten zu begrenzen. Dies stellt sicher, dass nur notwendige Personen Zugriff auf Ihre Daten erhalten, dass der Zugriff auf die Daten gesch\u00fctzt ist und dass unsere Sicherheitsma\u00dfnahmen regelm\u00e4\u00dfig \u00fcberpr\u00fcft werden.<\/p><h2>6. Websites Dritter<\/h2><p>Diese Datenschutzerkl\u00e4rung gilt nicht f\u00fcr Websites von Drittanbietern, die \u00fcber Links auf unserer Website verbunden sind. Wir k\u00f6nnen nicht garantieren, dass diese Drittanbieter Ihre pers\u00f6nlichen Daten zuverl\u00e4ssig oder sicher behandeln. Wir empfehlen Ihnen, die Datenschutzerkl\u00e4rungen dieser Websites zu lesen, bevor Sie diese Websites nutzen.<\/p><h2>7. \u00c4nderungen dieser Datenschutzerkl\u00e4rung<\/h2><p>Wir behalten uns das Recht vor, \u00c4nderungen an dieser Datenschutzerkl\u00e4rung vorzunehmen. Es wird empfohlen, diese Datenschutzerkl\u00e4rung regelm\u00e4\u00dfig zu lesen, um \u00fcber etwaige \u00c4nderungen informiert zu sein. Dar\u00fcber hinaus informieren wir Sie, wo immer m\u00f6glich, aktiv.<\/p><h2>8. Zugriff und \u00c4nderung Ihrer Daten<\/h2><p>Wenn Sie Fragen haben oder wissen m\u00f6chten, welche pers\u00f6nlichen Daten wir \u00fcber Sie haben, nehmen Sie bitte Kontakt mit uns auf. Sie k\u00f6nnen uns mittels der unten stehenden Informationen erreichen. Sie haben folgende Rechte:<\/p><ul>\n                <li>Sie haben das Recht zu erfahren, wof\u00fcr Ihre personenbezogenen Daten ben\u00f6tigt werden, was mit ihnen geschieht und wie lange sie gespeichert werden.<\/li>\n                <li>Auskunftsrecht: Sie haben das Recht auf Auskunft \u00fcber Ihre uns bekannten personenbezogenen Daten.<\/li>\n                <li>Recht auf Berichtigung: Sie haben jederzeit das Recht, Ihre personenbezogenen Daten zu erg\u00e4nzen, zu korrigieren, zu l\u00f6schen oder sperren zu lassen.<\/li>\n                <li>Wenn Sie uns Ihre Einwilligung zur Verarbeitung Ihrer Daten erteilen, haben Sie das Recht, diese Einwilligung zu widerrufen und Ihre personenbezogenen Daten l\u00f6schen zu lassen.<\/li>\n                <li>Recht auf Daten\u00fcbertragbarkeit: Sie haben das Recht, alle Ihre personenbezogenen Daten vom Verantwortlichen anzufordern und vollst\u00e4ndig an einen anderen Verantwortlichen zu \u00fcbertragen.<\/li>\n                <li>Widerspruchsrecht: Sie k\u00f6nnen der Verarbeitung Ihrer Daten widersprechen. Diesem Widerspruch kommen wir nach, sofern keine berechtigten Gr\u00fcnde f\u00fcr die Verarbeitung vorliegen.<\/li>\n            <\/ul><p>Bitte stelle sicher, dass du immer eindeutig angibst, wer du bist, sodass wir sicher sein k\u00f6nnen, nicht die Daten der falschen Person zu \u00e4ndern oder zu l\u00f6schen.<\/p><h2>9. Einreichen einer Beschwerde<\/h2><p>Wenn Sie mit der Art und Weise, wie wir die Verarbeitung Ihrer personenbezogenen Daten handhaben (oder eine Beschwerde dar\u00fcber einreichen), nicht zufrieden sind, haben Sie das Recht, eine Beschwerde beim Information Commissioner&#039;s Office einzureichen:<\/p><p><br>Wycliffe Haus<br>\n                        Wasserweg<br>\n                        Wilmslow<br>\n                        Cheshire<br>\n                        SK9 5AF<\/p><h2>10. Kinder<\/h2><p>Unsere Website ist nicht darauf ausgelegt, Kinder anzusprechen, und es ist nicht unsere Absicht, personenbezogene Daten von Kindern zu sammeln, die in ihrem Wohnsitzland noch nicht vollj\u00e4hrig sind. Wir bitten daher Kinder unter dem Vollj\u00e4hrigkeitsalter, uns keine personenbezogenen Daten zu \u00fcbermitteln.<\/p><h2>11. Kontaktdaten<\/h2><p>Maui Schnorcheln<br>\n        101 Maalaea Rd Slip 64<br \/>\nWailuku, HI 96793<br>\n        Vereinigte Staaten<br>\n        Webseite: <a href=\"https:\/\/mauisnorkeling.com\/de\">https:\/\/mauisnorkeling.com\/de<\/a> <br>\n        E-Mail: <span class=\"cmplz-obfuscate\">Info@<span class=\"cmplz-fmail-domain\">ex.com<\/span>mauis&#110;&#111;&#114;&#107;elin&#103;.c&#111;m<\/span> <br>\n        Telefonnummer: +1 808-244-1979<\/p><\/div>","protected":false},"excerpt":{"rendered":"","protected":false},"author":6,"featured_media":0,"parent":0,"menu_order":0,"comment_status":"closed","ping_status":"closed","template":"","meta":{"_et_pb_use_builder":"","_et_pb_old_content":"","_et_gb_content_width":"","footnotes":""},"class_list":["post-5115","page","type-page","status-publish","hentry"],"_links":{"self":[{"href":"https:\/\/mauisnorkeling.com\/de\/wp-json\/wp\/v2\/pages\/5115","targetHints":{"allow":["GET"]}}],"collection":[{"href":"https:\/\/mauisnorkeling.com\/de\/wp-json\/wp\/v2\/pages"}],"about":[{"href":"https:\/\/mauisnorkeling.com\/de\/wp-json\/wp\/v2\/types\/page"}],"author":[{"embeddable":true,"href":"https:\/\/mauisnorkeling.com\/de\/wp-json\/wp\/v2\/users\/6"}],"replies":[{"embeddable":true,"href":"https:\/\/mauisnorkeling.com\/de\/wp-json\/wp\/v2\/comments?post=5115"}],"version-history":[{"count":0,"href":"https:\/\/mauisnorkeling.com\/de\/wp-json\/wp\/v2\/pages\/5115\/revisions"}],"wp:attachment":[{"href":"https:\/\/mauisnorkeling.com\/de\/wp-json\/wp\/v2\/media?parent=5115"}],"curies":[{"name":"wp","href":"https:\/\/api.w.org\/{rel}","templated":true}]}}